{"id":123,"date":"2025-10-21T22:09:08","date_gmt":"2025-10-21T22:09:08","guid":{"rendered":"https:\/\/blog.hakimhasanov.com\/?page_id=123"},"modified":"2025-11-06T12:13:33","modified_gmt":"2025-11-06T12:13:33","slug":"projects","status":"publish","type":"page","link":"https:\/\/www.veramp.ch\/?page_id=123","title":{"rendered":"Spenden"},"content":{"rendered":"\n<div class=\"wp-block-cover alignfull wp-duotone-midnight-filter\" style=\"margin-top:0;padding-top:48px;padding-right:48px;padding-bottom:48px;padding-left:48px;min-height:66vh;aspect-ratio:unset;\"><img loading=\"lazy\" decoding=\"async\" width=\"1024\" height=\"648\" class=\"wp-block-cover__image-background wp-image-268 size-large\" alt=\"\" src=\"https:\/\/www.veramp.ch\/wp-content\/uploads\/2025\/10\/aDSC_1779-1024x648.jpeg\" style=\"object-position:42% 72%\" data-object-fit=\"cover\" data-object-position=\"42% 72%\" srcset=\"https:\/\/www.veramp.ch\/wp-content\/uploads\/2025\/10\/aDSC_1779-1024x648.jpeg 1024w, https:\/\/www.veramp.ch\/wp-content\/uploads\/2025\/10\/aDSC_1779-300x190.jpeg 300w, https:\/\/www.veramp.ch\/wp-content\/uploads\/2025\/10\/aDSC_1779-768x486.jpeg 768w, https:\/\/www.veramp.ch\/wp-content\/uploads\/2025\/10\/aDSC_1779.jpeg 1280w\" sizes=\"auto, (max-width: 1024px) 100vw, 1024px\" \/><span aria-hidden=\"true\" class=\"wp-block-cover__background has-background-dim-30 has-background-dim\" style=\"background-color:#6c7d9f\"><\/span><div class=\"wp-block-cover__inner-container has-global-padding is-layout-constrained wp-container-core-cover-is-layout-47c97a4a wp-block-cover-is-layout-constrained\">\n<div class=\"wp-block-group has-global-padding is-layout-constrained wp-container-core-group-is-layout-4582f6a7 wp-block-group-is-layout-constrained\">\n<h1 class=\"wp-block-heading\" style=\"font-size:clamp(21.027px, 1.314rem + ((1vw - 3.2px) * 1.272), 34px);\"><strong>Spenden und Vergabungen<\/strong><\/h1>\n\n\n\n<p><strong>Destinat\u00e4ren des Vereins<\/strong><\/p>\n\n\n\n<p>Der Verein f\u00f6rdert in erster Linie Bildungsinitiativen, Schulen oder Ausbildungen f\u00fcr Lehrkr\u00e4fte in der Schweiz. Sie nimmt aber auch zweckgebundene Spenden f\u00fcr Schul- und Lernprojekte im Ausland auf und leitet diese ohne Abzug f\u00fcr administrativen Aufwand weiter.<br>Aus dem Vereinsverm\u00f6gen werden Projekte bevorzugt, die einer \u00e4hnlichen integrativen Zielsetzung f\u00fcr eine zeitgem\u00e4sse Rudolf Steiner-P\u00e4dagogik verfolgen. Weil das Eigenkapital des Vereins begrenzt ist, sucht er Spenden f\u00fcr ihre T\u00e4tigkeiten.&nbsp;<\/p>\n\n\n\n<p><strong>F\u00f6rderung durch Spenden&nbsp;<\/strong><\/p>\n\n\n\n<p>Der Verein anthroposophische Menschenkunde und P\u00e4dagogik ist ein gemeinn\u00fctziger und steuerbefreiter Verein mit Sitz in Solothurn. Spenden ab CHF 100.- werden bescheinigt und k\u00f6nnen im Rahmen der interkantonalen Steuerausscheidung von der Einkommenssteuer abgesetzt werden. *<\/p>\n\n\n\n<p class=\"has-text-align-left\">Spenderinnen und Spender mit einem spezifischen Wunsch oder mit einer Zweckbestimmung k\u00f6nnen ihre Spenden entsprechend kennzeichnen. F\u00fcr Fragen \u00fcber Spenden ist der Vereinsvorstand zust\u00e4ndig.<\/p>\n\n\n\n<p style=\"font-size:clamp(14px, 0.875rem + ((1vw - 3.2px) * 0.294), 17px);\">*Vorbehalten der Zustimmung des Domizilkantons<\/p>\n<\/div>\n\n\n\n<div style=\"height:0px\" aria-hidden=\"true\" class=\"wp-block-spacer\"><\/div>\n<\/div><\/div>\n","protected":false},"excerpt":{"rendered":"","protected":false},"author":1,"featured_media":0,"parent":0,"menu_order":0,"comment_status":"closed","ping_status":"closed","template":"page-no-title","meta":{"footnotes":""},"class_list":["post-123","page","type-page","status-publish","hentry"],"_links":{"self":[{"href":"https:\/\/www.veramp.ch\/index.php?rest_route=\/wp\/v2\/pages\/123","targetHints":{"allow":["GET"]}}],"collection":[{"href":"https:\/\/www.veramp.ch\/index.php?rest_route=\/wp\/v2\/pages"}],"about":[{"href":"https:\/\/www.veramp.ch\/index.php?rest_route=\/wp\/v2\/types\/page"}],"author":[{"embeddable":true,"href":"https:\/\/www.veramp.ch\/index.php?rest_route=\/wp\/v2\/users\/1"}],"replies":[{"embeddable":true,"href":"https:\/\/www.veramp.ch\/index.php?rest_route=%2Fwp%2Fv2%2Fcomments&post=123"}],"version-history":[{"count":31,"href":"https:\/\/www.veramp.ch\/index.php?rest_route=\/wp\/v2\/pages\/123\/revisions"}],"predecessor-version":[{"id":315,"href":"https:\/\/www.veramp.ch\/index.php?rest_route=\/wp\/v2\/pages\/123\/revisions\/315"}],"wp:attachment":[{"href":"https:\/\/www.veramp.ch\/index.php?rest_route=%2Fwp%2Fv2%2Fmedia&parent=123"}],"curies":[{"name":"wp","href":"https:\/\/api.w.org\/{rel}","templated":true}]}}